{"id":119,"date":"2017-06-15T13:45:31","date_gmt":"2017-06-15T13:45:31","guid":{"rendered":"http:\/\/www.pentagroup.tech\/?page_id=119"},"modified":"2021-01-15T10:08:04","modified_gmt":"2021-01-15T10:08:04","slug":"home-it","status":"publish","type":"page","link":"https:\/\/www.pentagroup.tech\/","title":{"rendered":"home it"},"content":{"rendered":"[vc_row full_width=&#8221;stretch_row_content_no_spaces&#8221;][vc_column]<div class=\"wpex-slider-preloaderimg\"><img src=\"https:\/\/www.pentagroup.tech\/wp-content\/uploads\/2016\/05\/shutterstock_387415087ll-1024x684-900x400.jpg\" width=\"900\" height=\"400\" alt=\"Shutterstock 387415087ll 1024&#215;684\" data-no-retina=\"\" \/><\/div><div class=\"vcex-module wpex-slider slider-pro vcex-image-slider clr\" data-fade=\"true\" data-shuffle=\"true\"  data-loop=\"true\" data-auto-play-delay=\"3000\" data-buttons=\"false\" data-animation-speed=\"600\" data-height-animation-duration=\"500\" data-thumbnail-height=\"70\" data-thumbnail-width=\"70\"><div class=\"wpex-slider-slides sp-slides\"><div class=\"wpex-slider-slide sp-slide\"><div class=\"wpex-slider-media\"><img src=\"https:\/\/www.pentagroup.tech\/wp-content\/uploads\/2016\/05\/shutterstock_387415087ll-1024x684-900x400.jpg\" width=\"900\" height=\"400\" alt=\"Shutterstock 387415087ll 1024&#215;684\" data-no-retina=\"\" \/><\/div><\/div><div class=\"wpex-slider-slide sp-slide\"><div class=\"wpex-slider-media\"><img src=\"https:\/\/www.pentagroup.tech\/wp-content\/uploads\/2016\/05\/1-900x400.jpg\" width=\"900\" height=\"400\" alt=\"1\" data-no-retina=\"\" \/><\/div><\/div><div class=\"wpex-slider-slide sp-slide\"><div class=\"wpex-slider-media\"><img src=\"https:\/\/www.pentagroup.tech\/wp-content\/uploads\/2016\/05\/5-1024x498-900x400.jpg\" width=\"900\" height=\"400\" alt=\"5 1024&#215;498\" data-no-retina=\"\" \/><\/div><\/div><\/div><\/div>[\/vc_column][\/vc_row][vc_row][vc_column][vc_column_text color=&#8221;#f15f24&#8243;]\n<blockquote>\n<p class=\"p1\"><span style=\"color: #f15f24; font-size: 18px;\">L\u2019arte di costruire non \u00e8 l\u2019oggetto di una speculazione intelligente, ma pu\u00f2 essere compresa solo come processo vitale, come espressione della capacit\u00e0 dell\u2019uomo di affermarsi e di dominare l\u2019ambiente circostante.<\/span><\/p>\n<p class=\"p2\"><span style=\"color: #f15f24;\"><em>Mies Van Der Rohe<\/em><\/span><\/p>\n<\/blockquote>\n[\/vc_column_text][vc_empty_space height=&#8221;12px&#8221;][\/vc_column][\/vc_row][vc_row][vc_column][vc_column_text font_size=&#8221;15px&#8221;]\n<h3>La nostra attivit\u00e0 \u00e8 guidata dalla volont\u00e0 di offrire un servizio di assoluta qualit\u00e0. \u2018Qualit\u00e0\u2019 vuol dire, in primo luogo, capacit\u00e0 di soddisfare le esigenze del cliente. In secondo luogo, fare qualit\u00e0 \u00e8 inteso come filosofia complessiva di gestione strategica dell\u2019azienda. La ricerca nelle tecnologie contemporanee, nelle competenze e nelle professionalit\u00e0 specifiche, sono gli strumenti quotidiani del nostro lavoro.<\/h3>\n<h3>La passione per quello che facciamo, la nostra energia.<\/h3>\n<h3>L\u2019incontro con la parte committente, le proposte, la contemporaneit\u00e0 dei processi determinati attraverso continue aperture e integrazioni e la piena condivisione degli obiettivi finali, sono fondamentali al raggiungimento della meta finale: la soddisfazione del cliente.<\/h3>\n[\/vc_column_text][\/vc_column][\/vc_row][vc_row][vc_column width=&#8221;1\/4&#8243;][vc_single_image image=&#8221;21&#8243; add_caption=&#8221;yes&#8221; style=&#8221;vc_box_border&#8221; onclick=&#8221;custom_link&#8221; img_link_target=&#8221;_blank&#8221; link=&#8221;http:\/\/www.pentacostruzioni.com&#8221; img_hover=&#8221;fade-in&#8221;][vc_empty_space height=&#8221;15px&#8221;]<div class=\"vc_custom_1499101346292 wpex-clr\"><div class=\"theme-button-expanded-wrap theme-button-wrap clr\"><a href=\"http:\/\/www.pentagroup.tech\/wp-content\/uploads\/2017\/07\/PENTA-COSTRUZIONI-Company-Profile-IT.pdf\" title=\"COMPANY PROFILE\" class=\"vcex-button theme-button grey medium expanded animate-on-hover expanded\" target=\"_blank\"><span class=\"theme-button-inner\">COMPANY PROFILE<\/span><\/a><\/div><\/div> [\/vc_column][vc_column width=&#8221;1\/4&#8243;][vc_single_image image=&#8221;165&#8243; style=&#8221;vc_box_border&#8221; onclick=&#8221;custom_link&#8221; img_link_target=&#8221;_blank&#8221; img_hover=&#8221;fade-in&#8221; link=&#8221;https:\/\/www.retereber.it&#8221;][vc_empty_space height=&#8221;15px&#8221;]<div class=\"vc_custom_1610705282409 wpex-clr\"><div class=\"theme-button-expanded-wrap theme-button-wrap clr\"><a href=\"https:\/\/www.pentagroup.tech\/wp-content\/uploads\/2021\/01\/PRESENTAZIONE-REBER-PENTA-new.pdf\" title=\"COMPANY PROFILE\" class=\"vcex-button theme-button grey medium expanded animate-on-hover expanded\" target=\"_blank\"><span class=\"theme-button-inner\">COMPANY PROFILE<\/span><\/a><\/div><\/div> [\/vc_column][vc_column width=&#8221;1\/4&#8243;][vc_single_image image=&#8221;22&#8243; style=&#8221;vc_box_border&#8221; onclick=&#8221;custom_link&#8221; img_link_target=&#8221;_blank&#8221; img_hover=&#8221;fade-in&#8221; link=&#8221;http:\/\/www.tekneco.eu\/&#8221;][vc_empty_space height=&#8221;15px&#8221;]<div class=\"vc_custom_1499094415374 wpex-clr\"><div class=\"theme-button-expanded-wrap theme-button-wrap clr\"><a href=\"http:\/\/www.pentagroup.tech\/wp-content\/uploads\/2017\/05\/Tekneco.pdf\" title=\"COMPANY PROFILE\" class=\"vcex-button theme-button grey medium expanded animate-on-hover expanded\" target=\"_blank\"><span class=\"theme-button-inner\">COMPANY PROFILE<\/span><\/a><\/div><\/div> [\/vc_column][vc_column width=&#8221;1\/4&#8243;][vc_single_image image=&#8221;18&#8243; style=&#8221;vc_box_border&#8221; onclick=&#8221;custom_link&#8221; img_link_target=&#8221;_blank&#8221; link=&#8221;http:\/\/www.energeco.info\/&#8221; img_hover=&#8221;fade-in&#8221;][vc_empty_space height=&#8221;15px&#8221;]<div class=\"vc_custom_1499094420549 wpex-clr\"><div class=\"theme-button-expanded-wrap theme-button-wrap clr\"><a href=\"http:\/\/www.pentagroup.tech\/wp-content\/uploads\/2017\/05\/Energeco-IT.pdf\" title=\"COMPANY PROFILE\" class=\"vcex-button theme-button grey medium expanded animate-on-hover expanded\" target=\"_blank\"><span class=\"theme-button-inner\">COMPANY PROFILE<\/span><\/a><\/div><\/div> [\/vc_column][\/vc_row][vc_row][vc_column]<div class=\"vc_custom_1499101358671 wpex-clr\"><div class=\"theme-button-expanded-wrap theme-button-wrap clr\"><a href=\"http:\/\/www.pentagroup.tech\/wp-content\/uploads\/2017\/07\/PENTA-GROUP-Company-Profile-IT.pdf\" title=\"Penta Group Company Profile\" class=\"vcex-button theme-button orange large expanded animate-on-hover expanded\" target=\"_blank\"><span class=\"theme-button-inner\">Penta Group Company Profile<\/span><\/a><\/div><\/div> [vc_empty_space][\/vc_column][\/vc_row]\n","protected":false},"excerpt":{"rendered":"<p>[vc_row full_width=&#8221;stretch_row_content_no_spaces&#8221;][vc_column][\/vc_column][\/vc_row][vc_row][vc_column][vc_column_text color=&#8221;#f15f24&#8243;] L\u2019arte di costruire non \u00e8 l\u2019oggetto di una speculazione intelligente, ma pu\u00f2 essere compresa solo come processo vitale, come espressione della capacit\u00e0 dell\u2019uomo di affermarsi e di dominare l\u2019ambiente circostante. Mies Van Der Rohe [\/vc_column_text][vc_empty_space height=&#8221;12px&#8221;][\/vc_column][\/vc_row][vc_row][vc_column][vc_column_text font_size=&#8221;15px&#8221;]&hellip;<\/p>\n","protected":false},"author":1,"featured_media":0,"parent":0,"menu_order":0,"comment_status":"closed","ping_status":"closed","template":"","meta":[],"_links":{"self":[{"href":"https:\/\/www.pentagroup.tech\/index.php?rest_route=\/wp\/v2\/pages\/119"}],"collection":[{"href":"https:\/\/www.pentagroup.tech\/index.php?rest_route=\/wp\/v2\/pages"}],"about":[{"href":"https:\/\/www.pentagroup.tech\/index.php?rest_route=\/wp\/v2\/types\/page"}],"author":[{"embeddable":true,"href":"https:\/\/www.pentagroup.tech\/index.php?rest_route=\/wp\/v2\/users\/1"}],"replies":[{"embeddable":true,"href":"https:\/\/www.pentagroup.tech\/index.php?rest_route=%2Fwp%2Fv2%2Fcomments&post=119"}],"version-history":[{"count":16,"href":"https:\/\/www.pentagroup.tech\/index.php?rest_route=\/wp\/v2\/pages\/119\/revisions"}],"predecessor-version":[{"id":168,"href":"https:\/\/www.pentagroup.tech\/index.php?rest_route=\/wp\/v2\/pages\/119\/revisions\/168"}],"wp:attachment":[{"href":"https:\/\/www.pentagroup.tech\/index.php?rest_route=%2Fwp%2Fv2%2Fmedia&parent=119"}],"curies":[{"name":"wp","href":"https:\/\/api.w.org\/{rel}","templated":true}]}}